{"id":144,"date":"2019-11-30T23:11:55","date_gmt":"2019-11-30T23:11:55","guid":{"rendered":"http:\/\/fantastisch-bloggen.de\/?page_id=144"},"modified":"2019-12-25T22:43:09","modified_gmt":"2019-12-25T22:43:09","slug":"adventkalender-2019","status":"publish","type":"page","link":"http:\/\/fantastisch-bloggen.de\/?page_id=144","title":{"rendered":"Adventkalender 2019"},"content":{"rendered":"\n<p><strong>Die Bescherung:<\/strong><\/p>\n\n\n\n<figure class=\"wp-block-image size-large\"><img loading=\"lazy\" decoding=\"async\" width=\"768\" height=\"1024\" src=\"http:\/\/fantastisch-bloggen.de\/wp-content\/uploads\/2019\/12\/Weihnachtsbaum-2019-768x1024.jpg\" alt=\"\" class=\"wp-image-282\" srcset=\"http:\/\/fantastisch-bloggen.de\/wp-content\/uploads\/2019\/12\/Weihnachtsbaum-2019-768x1024.jpg 768w, http:\/\/fantastisch-bloggen.de\/wp-content\/uploads\/2019\/12\/Weihnachtsbaum-2019-225x300.jpg 225w, http:\/\/fantastisch-bloggen.de\/wp-content\/uploads\/2019\/12\/Weihnachtsbaum-2019.jpg 960w\" sizes=\"auto, (max-width: 767px) 89vw, (max-width: 1000px) 54vw, (max-width: 1071px) 543px, 580px\" \/><\/figure>\n\n\n\n<p>Was noch fehlt sind die letzten 6 NSC, die Delegation aus einer anderen Welt.<\/p>\n\n\n\n<p><a href=\"http:\/\/fantastisch-bloggen.de\/wp-content\/uploads\/2019\/12\/Delegation-1-1.pdf\">Der 1. Delegierte<\/a><\/p>\n\n\n\n<p><a href=\"http:\/\/fantastisch-bloggen.de\/wp-content\/uploads\/2019\/12\/Delegation2-1.pdf\">Der 2. Delegierte<\/a><\/p>\n\n\n\n<p><a href=\"http:\/\/fantastisch-bloggen.de\/wp-content\/uploads\/2019\/12\/Delegation3-1.pdf\">Der 3. Delegierte<\/a><\/p>\n\n\n\n<p><a href=\"http:\/\/fantastisch-bloggen.de\/wp-content\/uploads\/2019\/12\/Delegation4-1.pdf\">Der 4.Delegierte<\/a><\/p>\n\n\n\n<p><a href=\"http:\/\/fantastisch-bloggen.de\/wp-content\/uploads\/2019\/12\/Delegation5-1.pdf\">Der 5. Delegierte<\/a><\/p>\n\n\n\n<p><a href=\"http:\/\/fantastisch-bloggen.de\/wp-content\/uploads\/2019\/12\/Delegation6-1.pdf\">Der 6. Delegierte<\/a><\/p>\n\n\n\n<p><strong>Der 24. Dezember<\/strong><\/p>\n\n\n\n<p>Hier nun das Abenteuer &#8222;<a href=\"http:\/\/fantastisch-bloggen.de\/wp-content\/uploads\/2019\/12\/Das-letzte-Weihnachtsfest.pdf\">Das letzte Weihnachtsfest<\/a>&#8222;<\/p>\n\n\n\n<p>Die seit dem 17. Dezember hier eingestellten Charaktere sind m\u00f6gliche Spielercharakter. Alles weitere sind NSC und Orte aus dem Abenteuer.<\/p>\n\n\n\n<p><em>Und es ist Weihnachten, es wird noch eine Bescherung geben.<\/em><\/p>\n\n\n\n<p><strong>Der 23. Dezember<\/strong><\/p>\n\n\n\n<p><a href=\"http:\/\/fantastisch-bloggen.de\/wp-content\/uploads\/2019\/12\/Melanie.pdf\">Melanie, Anne Lieses Tochter<\/a><\/p>\n\n\n\n<p><a href=\"https:\/\/menschel-giese.de\/12Kraefte\/Uebernatuerlich\/Magier%20allgemein.pdf\">Magier, Schattenwandern<\/a><\/p>\n\n\n\n<p><a href=\"https:\/\/menschel-giese.de\/12Kraefte\/Uebernatuerlich\/Magier%20Materie.pdf\">Elementary<\/a><\/p>\n\n\n\n<p><a href=\"http:\/\/fantastisch-bloggen.de\/wp-content\/uploads\/2019\/12\/Moritz.pdf\">Moritz, Anne Lieses Sohn<\/a><\/p>\n\n\n\n<p><strong>Der 22. Dezember<\/strong><\/p>\n\n\n\n<p><a href=\"http:\/\/fantastisch-bloggen.de\/wp-content\/uploads\/2019\/12\/Josefine-1.pdf\">Josefine, Samanthas \u00e4ltere Tochter<\/a><\/p>\n\n\n\n<p><a href=\"http:\/\/fantastisch-bloggen.de\/wp-content\/uploads\/2019\/12\/Charlotte-1.pdf\">Charlotte, Samanthas j\u00fcngere Tochter<\/a><\/p>\n\n\n\n<p><strong>Der 21. Dezember<\/strong><\/p>\n\n\n\n<p><a href=\"http:\/\/fantastisch-bloggen.de\/wp-content\/uploads\/2019\/12\/Ludwig.pdf\">Ludwig, Samanthas \u00e4ltester Sohn<\/a><\/p>\n\n\n\n<p><a href=\"https:\/\/menschel-giese.de\/12Kraefte\/Uebernatuerlich\/Nornen%20allgemein.pdf\">Nornen<\/a> (Zeitsp\u00fcren)<\/p>\n\n\n\n<p><a href=\"https:\/\/menschel-giese.de\/12Kraefte\/Uebernatuerlich\/Nornen%20Zeit.pdf\">Zeitlauf<\/a><\/p>\n\n\n\n<p><a href=\"http:\/\/fantastisch-bloggen.de\/wp-content\/uploads\/2019\/12\/Seline.pdf\">Seline, Ludwigs Frau<\/a><\/p>\n\n\n\n<p><a href=\"https:\/\/menschel-giese.de\/12Kraefte\/NetzeWelten\/Anid.htm\">Die Anid auf Tiron<\/a><\/p>\n\n\n\n<p><strong>Der 20. Dezember<\/strong><\/p>\n\n\n\n<p><a href=\"http:\/\/fantastisch-bloggen.de\/wp-content\/uploads\/2019\/12\/Anne-Liese.pdf\">Anne-Liese, Alinas Tochter<\/a><\/p>\n\n\n\n<p><a href=\"http:\/\/fantastisch-bloggen.de\/wp-content\/uploads\/2019\/12\/Hexen-Huelle.pdf\">Lichthexen<\/a><\/p>\n\n\n\n<p><a href=\"http:\/\/fantastisch-bloggen.de\/wp-content\/uploads\/2019\/12\/Klaus-Guenther.pdf\">Klaus G\u00fcnther Minzer, Anne-Lieses Ehemann<\/a><\/p>\n\n\n\n<p><a href=\"https:\/\/menschel-giese.de\/12Kraefte\/Uebernatuerlich\/Hexen%20Leben.pdf\">Waldhexen<\/a><\/p>\n\n\n\n<p><a href=\"https:\/\/menschel-giese.de\/12Kraefte\/Uebernatuerlich\/Hexen.htm\">Hexen<\/a><\/p>\n\n\n\n<p><strong>Der 19. Dezember<\/strong><\/p>\n\n\n\n<p><a href=\"http:\/\/fantastisch-bloggen.de\/wp-content\/uploads\/2019\/12\/Luise.pdf\">Luise, Ingeborgs Tochter<\/a><\/p>\n\n\n\n<p><a href=\"http:\/\/fantastisch-bloggen.de\/wp-content\/uploads\/2019\/12\/Merideth.pdf\">Merideth, Luises Tochter<\/a><\/p>\n\n\n\n<p><strong>Der 18. Dezemb<\/strong>er<\/p>\n\n\n\n<p><a href=\"http:\/\/fantastisch-bloggen.de\/wp-content\/uploads\/2019\/12\/Daphne-1.pdf\">Daphne, Mariannes j\u00fcngste Tochter<\/a><\/p>\n\n\n\n<p><a href=\"https:\/\/menschel-giese.de\/12Kraefte\/Uebernatuerlich\/Alben%20Verstand.pdf\">Richter-Alben<\/a><\/p>\n\n\n\n<p><a href=\"https:\/\/menschel-giese.de\/12Kraefte\/Uebernatuerlich\/Alben.htm\">Alben<\/a><\/p>\n\n\n\n<p><a href=\"http:\/\/fantastisch-bloggen.de\/wp-content\/uploads\/2019\/12\/Eberhardt-2.pdf\">Marvin Eberhardt, Samanthas Ehemann<\/a><\/p>\n\n\n\n<p><strong>Der 17. Dezember<\/strong><\/p>\n\n\n\n<p><a href=\"http:\/\/fantastisch-bloggen.de\/wp-content\/uploads\/2019\/12\/Samantha-1.pdf\">Samantha, Mariannes 2, Tochter<\/a><\/p>\n\n\n\n<p><strong>Der 16. Dezember<\/strong><\/p>\n\n\n\n<figure class=\"wp-block-image size-large is-resized\"><img loading=\"lazy\" decoding=\"async\" src=\"http:\/\/fantastisch-bloggen.de\/wp-content\/uploads\/2019\/12\/Stammbaum-1024x724.jpg\" alt=\"\" class=\"wp-image-225\" width=\"898\" height=\"634\" srcset=\"http:\/\/fantastisch-bloggen.de\/wp-content\/uploads\/2019\/12\/Stammbaum-1024x724.jpg 1024w, http:\/\/fantastisch-bloggen.de\/wp-content\/uploads\/2019\/12\/Stammbaum-300x212.jpg 300w, http:\/\/fantastisch-bloggen.de\/wp-content\/uploads\/2019\/12\/Stammbaum-768x543.jpg 768w, http:\/\/fantastisch-bloggen.de\/wp-content\/uploads\/2019\/12\/Stammbaum.jpg 1169w\" sizes=\"auto, (max-width: 767px) 89vw, (max-width: 1000px) 54vw, (max-width: 1071px) 543px, 580px\" \/><\/figure>\n\n\n\n<p>Die Nachkommen von Marianne und Ingeborg und deren Ehegatt\/innen.<br> 12 von ihnen sind als SC spielbar und werden in den n\u00e4chsten Tagen hier dargestellt. <\/p>\n\n\n\n<p><strong>Der 15. Dezember<\/strong><\/p>\n\n\n\n<figure class=\"wp-block-image size-large is-resized\"><img loading=\"lazy\" decoding=\"async\" src=\"http:\/\/fantastisch-bloggen.de\/wp-content\/uploads\/2019\/12\/Plan-1024x697.jpg\" alt=\"\" class=\"wp-image-219\" width=\"775\" height=\"527\" srcset=\"http:\/\/fantastisch-bloggen.de\/wp-content\/uploads\/2019\/12\/Plan-1024x697.jpg 1024w, http:\/\/fantastisch-bloggen.de\/wp-content\/uploads\/2019\/12\/Plan-300x204.jpg 300w, http:\/\/fantastisch-bloggen.de\/wp-content\/uploads\/2019\/12\/Plan-768x523.jpg 768w, http:\/\/fantastisch-bloggen.de\/wp-content\/uploads\/2019\/12\/Plan-1536x1046.jpg 1536w, http:\/\/fantastisch-bloggen.de\/wp-content\/uploads\/2019\/12\/Plan.jpg 1692w\" sizes=\"auto, (max-width: 767px) 89vw, (max-width: 1000px) 54vw, (max-width: 1071px) 543px, 580px\" \/><\/figure>\n\n\n\n<p>Plan der Umgebung von Mariannes Haus.<\/p>\n\n\n\n<p><strong>Der 14. Dezember<\/strong><\/p>\n\n\n\n<figure class=\"wp-block-image size-large is-resized\"><img loading=\"lazy\" decoding=\"async\" src=\"http:\/\/fantastisch-bloggen.de\/wp-content\/uploads\/2019\/12\/Lichtung-1024x820.jpg\" alt=\"\" class=\"wp-image-217\" width=\"644\" height=\"515\" srcset=\"http:\/\/fantastisch-bloggen.de\/wp-content\/uploads\/2019\/12\/Lichtung-1024x820.jpg 1024w, http:\/\/fantastisch-bloggen.de\/wp-content\/uploads\/2019\/12\/Lichtung-300x240.jpg 300w, http:\/\/fantastisch-bloggen.de\/wp-content\/uploads\/2019\/12\/Lichtung-768x615.jpg 768w, http:\/\/fantastisch-bloggen.de\/wp-content\/uploads\/2019\/12\/Lichtung.jpg 1461w\" sizes=\"auto, (max-width: 644px) 100vw, 644px\" \/><figcaption>Gezeichnet von Hannah Menschel<\/figcaption><\/figure>\n\n\n\n<p>Die Lichtung in der Mitte des Waldes. Hier begann alles.<\/p>\n\n\n\n<p><strong>Der 13. Dezember<\/strong><\/p>\n\n\n\n<figure class=\"wp-block-image size-large is-resized\"><img loading=\"lazy\" decoding=\"async\" src=\"http:\/\/fantastisch-bloggen.de\/wp-content\/uploads\/2019\/12\/Samuel-719x1024.jpg\" alt=\"\" class=\"wp-image-215\" width=\"562\" height=\"800\" srcset=\"http:\/\/fantastisch-bloggen.de\/wp-content\/uploads\/2019\/12\/Samuel-719x1024.jpg 719w, http:\/\/fantastisch-bloggen.de\/wp-content\/uploads\/2019\/12\/Samuel-211x300.jpg 211w, http:\/\/fantastisch-bloggen.de\/wp-content\/uploads\/2019\/12\/Samuel-768x1094.jpg 768w, http:\/\/fantastisch-bloggen.de\/wp-content\/uploads\/2019\/12\/Samuel-1078x1536.jpg 1078w, http:\/\/fantastisch-bloggen.de\/wp-content\/uploads\/2019\/12\/Samuel.jpg 1158w\" sizes=\"auto, (max-width: 562px) 100vw, 562px\" \/><figcaption>Gezeichnet von Hannah Menschel<\/figcaption><\/figure>\n\n\n\n<p>Samuel lebt seit \u00fcber 60 Jahren bei Marianne. Er ist ihr Sohn, sagt sie, doch im wesentlichen ist er so etwas wie ein Teil des Hauses. Nie ist er weit weg gegangen. Er war in der Schule, sicher, und ein mittelm\u00e4\u00dfiger Sch\u00fcler, der irgenwann mit der mittleren Reife die Schule verlie\u00df um eine eher halbherzige Ausbildung im Forst-Bereich zu machen. Doch danach blieb er zuhause, lebte bei Marianne, die er Mutter nennt, und hielt sich von allem fern, selbst von seinen j\u00fcngeren Schwestern.<\/p>\n\n\n\n<p>Samuel ist nicht von dieser Welt, doch er kann nicht mehr zur\u00fcck. <\/p>\n\n\n\n<p><a href=\"http:\/\/fantastisch-bloggen.de\/wp-content\/uploads\/2019\/12\/Samuel-1.pdf\">Samuel<\/a><\/p>\n\n\n\n<p><a href=\"https:\/\/menschel-giese.de\/12Kraefte\/Uebernatuerlich\/Magier%20Natur.pdf\">Physikae &#8211; Naturmagier<\/a><\/p>\n\n\n\n<p><a href=\"https:\/\/menschel-giese.de\/12Kraefte\/Uebernatuerlich\/Magier%20allgemein.pdf\">Schattenwandern<\/a><\/p>\n\n\n\n<p><strong>Der 12. Dezember<\/strong><\/p>\n\n\n\n<figure class=\"wp-block-image size-large\"><img loading=\"lazy\" decoding=\"async\" width=\"999\" height=\"1024\" src=\"http:\/\/fantastisch-bloggen.de\/wp-content\/uploads\/2019\/12\/Keller-999x1024.jpg\" alt=\"\" class=\"wp-image-210\" srcset=\"http:\/\/fantastisch-bloggen.de\/wp-content\/uploads\/2019\/12\/Keller-999x1024.jpg 999w, http:\/\/fantastisch-bloggen.de\/wp-content\/uploads\/2019\/12\/Keller-293x300.jpg 293w, http:\/\/fantastisch-bloggen.de\/wp-content\/uploads\/2019\/12\/Keller-768x788.jpg 768w, http:\/\/fantastisch-bloggen.de\/wp-content\/uploads\/2019\/12\/Keller-1498x1536.jpg 1498w, http:\/\/fantastisch-bloggen.de\/wp-content\/uploads\/2019\/12\/Keller.jpg 1536w\" sizes=\"auto, (max-width: 767px) 89vw, (max-width: 1000px) 54vw, (max-width: 1071px) 543px, 580px\" \/><\/figure>\n\n\n\n<p>Der Keller von Mariannes Haus.<\/p>\n\n\n\n<p><strong>Der 11. Dezember<\/strong><\/p>\n\n\n\n<figure class=\"wp-block-image size-large\"><img loading=\"lazy\" decoding=\"async\" width=\"799\" height=\"1024\" src=\"http:\/\/fantastisch-bloggen.de\/wp-content\/uploads\/2019\/12\/Marianne-Sommer-1-799x1024.jpg\" alt=\"\" class=\"wp-image-207\" srcset=\"http:\/\/fantastisch-bloggen.de\/wp-content\/uploads\/2019\/12\/Marianne-Sommer-1-799x1024.jpg 799w, http:\/\/fantastisch-bloggen.de\/wp-content\/uploads\/2019\/12\/Marianne-Sommer-1-234x300.jpg 234w, http:\/\/fantastisch-bloggen.de\/wp-content\/uploads\/2019\/12\/Marianne-Sommer-1-768x985.jpg 768w, http:\/\/fantastisch-bloggen.de\/wp-content\/uploads\/2019\/12\/Marianne-Sommer-1-1198x1536.jpg 1198w, http:\/\/fantastisch-bloggen.de\/wp-content\/uploads\/2019\/12\/Marianne-Sommer-1.jpg 1467w\" sizes=\"auto, (max-width: 767px) 89vw, (max-width: 1000px) 54vw, (max-width: 1071px) 543px, 580px\" \/><figcaption>Gezeichnet von Hannah Menschel.<\/figcaption><\/figure>\n\n\n\n<p>Das Tor, das sie \u00f6ffnen wollten, \u00f6ffnete sich. Sie fanden einen Durchbruch zu einer Welt. Es war eine M\u00e4rchenwelt, doch das Blut einer Kernhexe gab ihrem Zauber eine katastrophale Wendung. <\/p>\n\n\n\n<p>Seit 60 Jahren bewacht nun Marianne gemeinsam mit ihren Hexenschwestern das Tor. Sie haben es verschlossen gehalten und mit ihrem Atem versiegelt. Solange die Schwestern atmen, solange bleibt das Tor versiegelt.<\/p>\n\n\n\n<p>So hat Marianne da Haus im Wald gekauft und dort ihre Kinder gro\u00df gezogen. Die Kinder sind gegangen, doch Marianne ist mit ihren Schwestern geblieben. Nur ein Kind blieb ebenfall, Samuel, der \u00c4lteste, der vor all ihren T\u00f6chtern da war. <\/p>\n\n\n\n<p>Marianne hat ihn bei sich behalten um ihn zu bewachen.<\/p>\n\n\n\n<p><a href=\"http:\/\/fantastisch-bloggen.de\/wp-content\/uploads\/2019\/12\/Marianne-Sommer.pdf\">Marianne Sommer<\/a><\/p>\n\n\n\n<p> <a href=\"https:\/\/menschel-giese.de\/12Kraefte\/Uebernatuerlich\/Hexen%20Kern.pdf\">Hexen des Steins<\/a><\/p>\n\n\n\n<p><a href=\"https:\/\/menschel-giese.de\/12Kraefte\/Uebernatuerlich\/Hexen%20Materie.pdf\">Hexen der Materie (Elementar) <\/a> <\/p>\n\n\n\n<p> <a href=\"https:\/\/menschel-giese.de\/12Kraefte\/Uebernatuerlich\/Hexen%20Idee.pdf\">Hexen der Idee<\/a> (Telepathie)<\/p>\n\n\n\n<p><\/p>\n\n\n<p><!--EndFragment--><\/p>\n\n\n<p><strong>Der 10. Dezember<\/strong><\/p>\n\n\n\n<figure class=\"wp-block-image size-large\"><img loading=\"lazy\" decoding=\"async\" width=\"363\" height=\"441\" src=\"http:\/\/fantastisch-bloggen.de\/wp-content\/uploads\/2019\/12\/Silbermond.jpg\" alt=\"\" class=\"wp-image-202\" srcset=\"http:\/\/fantastisch-bloggen.de\/wp-content\/uploads\/2019\/12\/Silbermond.jpg 363w, http:\/\/fantastisch-bloggen.de\/wp-content\/uploads\/2019\/12\/Silbermond-247x300.jpg 247w\" sizes=\"auto, (max-width: 363px) 100vw, 363px\" \/><figcaption>Gezeichnet von Hannah Menschel<\/figcaption><\/figure>\n\n\n\n<p>Der zerbrochene Silbermond.<\/p>\n\n\n\n<p><strong>Der 9. Dezember<\/strong><\/p>\n\n\n\n<figure class=\"wp-block-image size-large is-resized\"><img loading=\"lazy\" decoding=\"async\" src=\"http:\/\/fantastisch-bloggen.de\/wp-content\/uploads\/2019\/12\/Erdgeschoss-999x1024.jpg\" alt=\"\" class=\"wp-image-200\" width=\"644\" height=\"660\" srcset=\"http:\/\/fantastisch-bloggen.de\/wp-content\/uploads\/2019\/12\/Erdgeschoss-999x1024.jpg 999w, http:\/\/fantastisch-bloggen.de\/wp-content\/uploads\/2019\/12\/Erdgeschoss-293x300.jpg 293w, http:\/\/fantastisch-bloggen.de\/wp-content\/uploads\/2019\/12\/Erdgeschoss-768x788.jpg 768w, http:\/\/fantastisch-bloggen.de\/wp-content\/uploads\/2019\/12\/Erdgeschoss-1498x1536.jpg 1498w, http:\/\/fantastisch-bloggen.de\/wp-content\/uploads\/2019\/12\/Erdgeschoss.jpg 1536w\" sizes=\"auto, (max-width: 644px) 100vw, 644px\" \/><\/figure>\n\n\n\n<p>Das Erdgeschoss des Hauses im Wald, der Heimstatt der drei Hexen.<\/p>\n\n\n\n<p><strong>Der 8. Dezember<\/strong><\/p>\n\n\n\n<figure class=\"wp-block-image size-large\"><img loading=\"lazy\" decoding=\"async\" width=\"874\" height=\"1024\" src=\"http:\/\/fantastisch-bloggen.de\/wp-content\/uploads\/2019\/12\/Flieder-874x1024.jpg\" alt=\"\" class=\"wp-image-192\" srcset=\"http:\/\/fantastisch-bloggen.de\/wp-content\/uploads\/2019\/12\/Flieder-874x1024.jpg 874w, http:\/\/fantastisch-bloggen.de\/wp-content\/uploads\/2019\/12\/Flieder-256x300.jpg 256w, http:\/\/fantastisch-bloggen.de\/wp-content\/uploads\/2019\/12\/Flieder-768x900.jpg 768w, http:\/\/fantastisch-bloggen.de\/wp-content\/uploads\/2019\/12\/Flieder.jpg 960w\" sizes=\"auto, (max-width: 767px) 89vw, (max-width: 1000px) 54vw, (max-width: 1071px) 543px, 580px\" \/><figcaption>Gezeichnet von Hannah Menschel<\/figcaption><\/figure>\n\n\n\n<p>Im Wald steht ein Fliederbusch, der seit 60 Jahren nicht bl\u00fcht.<\/p>\n\n\n\n<p><strong>Der 7. Dezember<\/strong><\/p>\n\n\n\n<figure class=\"wp-block-image size-large\"><img loading=\"lazy\" decoding=\"async\" width=\"999\" height=\"1024\" src=\"http:\/\/fantastisch-bloggen.de\/wp-content\/uploads\/2019\/12\/1Stock-1-999x1024.jpg\" alt=\"\" class=\"wp-image-187\" srcset=\"http:\/\/fantastisch-bloggen.de\/wp-content\/uploads\/2019\/12\/1Stock-1-999x1024.jpg 999w, http:\/\/fantastisch-bloggen.de\/wp-content\/uploads\/2019\/12\/1Stock-1-293x300.jpg 293w, http:\/\/fantastisch-bloggen.de\/wp-content\/uploads\/2019\/12\/1Stock-1-768x788.jpg 768w, http:\/\/fantastisch-bloggen.de\/wp-content\/uploads\/2019\/12\/1Stock-1-1498x1536.jpg 1498w, http:\/\/fantastisch-bloggen.de\/wp-content\/uploads\/2019\/12\/1Stock-1.jpg 1536w\" sizes=\"auto, (max-width: 767px) 89vw, (max-width: 1000px) 54vw, (max-width: 1071px) 543px, 580px\" \/><\/figure>\n\n\n\n<p>Der erste Stock im Haus von Saskia, Marianne und Ingeborg.<\/p>\n\n\n\n<p><strong>Der 6. Dezember<\/strong><\/p>\n\n\n\n<figure class=\"wp-block-image size-large is-resized\"><img loading=\"lazy\" decoding=\"async\" src=\"http:\/\/fantastisch-bloggen.de\/wp-content\/uploads\/2019\/12\/Muehle-762x1024.jpg\" alt=\"\" class=\"wp-image-183\" width=\"505\" height=\"678\" srcset=\"http:\/\/fantastisch-bloggen.de\/wp-content\/uploads\/2019\/12\/Muehle-762x1024.jpg 762w, http:\/\/fantastisch-bloggen.de\/wp-content\/uploads\/2019\/12\/Muehle-223x300.jpg 223w, http:\/\/fantastisch-bloggen.de\/wp-content\/uploads\/2019\/12\/Muehle-768x1032.jpg 768w, http:\/\/fantastisch-bloggen.de\/wp-content\/uploads\/2019\/12\/Muehle.jpg 795w\" sizes=\"auto, (max-width: 505px) 100vw, 505px\" \/><figcaption>Gezeichnet von Hannah Menschel<\/figcaption><\/figure>\n\n\n\n<p>Die alte, zerbrochene Wasserm\u00fchle am Bach im Wald. Sie bewegt sich seit 60 Jahren nicht mehr.<\/p>\n\n\n\n<p><strong>Der 5. Dezember<\/strong><\/p>\n\n\n\n<p>Ingeborg Krummbiegel ist eine alte Frau. Gemeinsam mit ihrer besten Freundin Marianne und der Katze Saskia lebt sie nun schon seit sechzig Jahren in diesem Haus. Sie ist alt und m\u00fcde geworden, und immer \u00f6fter schl\u00e4ft sie in ihrem Lehnstuhl ein.<\/p>\n\n\n\n<figure class=\"wp-block-image size-large is-resized\"><img loading=\"lazy\" decoding=\"async\" src=\"http:\/\/fantastisch-bloggen.de\/wp-content\/uploads\/2019\/12\/Ingeborg-Krummbiegel-666x1024.jpg\" alt=\"\" class=\"wp-image-181\" width=\"515\" height=\"792\" srcset=\"http:\/\/fantastisch-bloggen.de\/wp-content\/uploads\/2019\/12\/Ingeborg-Krummbiegel-666x1024.jpg 666w, http:\/\/fantastisch-bloggen.de\/wp-content\/uploads\/2019\/12\/Ingeborg-Krummbiegel-195x300.jpg 195w, http:\/\/fantastisch-bloggen.de\/wp-content\/uploads\/2019\/12\/Ingeborg-Krummbiegel-768x1181.jpg 768w, http:\/\/fantastisch-bloggen.de\/wp-content\/uploads\/2019\/12\/Ingeborg-Krummbiegel.jpg 870w\" sizes=\"auto, (max-width: 515px) 100vw, 515px\" \/><figcaption>Gezeichnet von Hannah Menschel<\/figcaption><\/figure>\n\n\n\n<p>Ingeborg\nhat eine Tochter geboren und in diesem Haus gemeinsam mit den Kindern\nvon Marianne gro\u00dfgezogen. Die Tochter ging, doch Ingeborg blieb. Sie\nsagt, dass sie bleiben muss, dass es wichtig ist, da sonst Unheil\ndroht. Was das f\u00fcr Unheil ist, dar\u00fcber spricht sie nicht.<\/p>\n\n\n\n<p>Selbst ihre Tochter wei\u00df nicht, was damals, vor 60 Jahren geschah. Doch seitdem hat Ingeborg den Wald nicht einmal verlassen.<\/p>\n\n\n<p><a href=\"http:\/\/fantastisch-bloggen.de\/wp-content\/uploads\/2019\/12\/Ingeborg-Krummbiegel.pdf\">Ingeborg Krummbiegel<\/a><br><!--StartFragment--><\/p>\n\n\n<p> <a href=\"https:\/\/menschel-giese.de\/12Kraefte\/Uebernatuerlich\/Hexen%20Materie.pdf\">Hexen der Materie <\/a> <\/p>\n\n\n\n<p> <a href=\"https:\/\/menschel-giese.de\/12Kraefte\/Uebernatuerlich\/Hexen%20Idee.pdf\">Hexen der Idee<\/a> (Telepathie)<\/p>\n\n\n\n<p><a href=\"https:\/\/menschel-giese.de\/12Kraefte\/Uebernatuerlich\/Hexen%20Kern.pdf\">Hexen des Steins (Suche nach dem Verborgenen<\/a>)<\/p>\n\n\n<p><!--EndFragment--><\/p>\n\n\n<p><strong>Der 4. Dezember<\/strong><\/p>\n\n\n\n<figure class=\"wp-block-image size-large\"><img loading=\"lazy\" decoding=\"async\" width=\"564\" height=\"573\" src=\"http:\/\/fantastisch-bloggen.de\/wp-content\/uploads\/2019\/12\/Feuerstelle.jpg\" alt=\"\" class=\"wp-image-176\" srcset=\"http:\/\/fantastisch-bloggen.de\/wp-content\/uploads\/2019\/12\/Feuerstelle.jpg 564w, http:\/\/fantastisch-bloggen.de\/wp-content\/uploads\/2019\/12\/Feuerstelle-295x300.jpg 295w\" sizes=\"auto, (max-width: 564px) 100vw, 564px\" \/><figcaption>Gezeichnet von Hannah Menschel.<\/figcaption><\/figure>\n\n\n\n<p>Eine erkaltete Feuerstelle im Wald.<\/p>\n\n\n\n<p><strong>Der 3. Dezember<\/strong><\/p>\n\n\n\n<figure class=\"wp-block-image size-large\"><img loading=\"lazy\" decoding=\"async\" width=\"585\" height=\"726\" src=\"http:\/\/fantastisch-bloggen.de\/wp-content\/uploads\/2019\/12\/Rosenbusch.jpg\" alt=\"\" class=\"wp-image-174\" srcset=\"http:\/\/fantastisch-bloggen.de\/wp-content\/uploads\/2019\/12\/Rosenbusch.jpg 585w, http:\/\/fantastisch-bloggen.de\/wp-content\/uploads\/2019\/12\/Rosenbusch-242x300.jpg 242w\" sizes=\"auto, (max-width: 585px) 100vw, 585px\" \/><figcaption>Gezeichnet von Hannah Menschel<\/figcaption><\/figure>\n\n\n\n<p>Ein welker Rosenbusch hinter dem Haus.<\/p>\n\n\n\n<p><strong>Der 2. Dezember<\/strong><\/p>\n\n\n\n<figure class=\"wp-block-image size-large is-resized\"><img loading=\"lazy\" decoding=\"async\" src=\"http:\/\/fantastisch-bloggen.de\/wp-content\/uploads\/2019\/12\/Dachboden-1-1024x696.jpg\" alt=\"\" class=\"wp-image-170\" width=\"644\" height=\"437\" srcset=\"http:\/\/fantastisch-bloggen.de\/wp-content\/uploads\/2019\/12\/Dachboden-1-1024x696.jpg 1024w, http:\/\/fantastisch-bloggen.de\/wp-content\/uploads\/2019\/12\/Dachboden-1-300x204.jpg 300w, http:\/\/fantastisch-bloggen.de\/wp-content\/uploads\/2019\/12\/Dachboden-1-768x522.jpg 768w, http:\/\/fantastisch-bloggen.de\/wp-content\/uploads\/2019\/12\/Dachboden-1.jpg 1536w\" sizes=\"auto, (max-width: 644px) 100vw, 644px\" \/><\/figure>\n\n\n\n<p>Der Dachboden des Hauses im Wald in dem Saskia Tavendel mit ihren Hexenschwestern lebt.<\/p>\n\n\n\n<p><strong>Der 1. Dezember<\/strong><\/p>\n\n\n<p><!--StartFragment--><\/p>\n\n\n<p>Saskia Tavendel ist eine schon alte und m\u00e4chtige Hexe der Fantasie. Gew\u00f6hnlich begegnet sie einem aber in Gestalt einer grauen Katze.<\/p>\n\n\n\n<figure class=\"wp-block-image size-large is-resized\"><img loading=\"lazy\" decoding=\"async\" src=\"http:\/\/fantastisch-bloggen.de\/wp-content\/uploads\/2019\/11\/Saskia-Tavendel-683x1024.jpg\" alt=\"\" class=\"wp-image-142\" width=\"303\" height=\"454\" srcset=\"http:\/\/fantastisch-bloggen.de\/wp-content\/uploads\/2019\/11\/Saskia-Tavendel-683x1024.jpg 683w, http:\/\/fantastisch-bloggen.de\/wp-content\/uploads\/2019\/11\/Saskia-Tavendel-200x300.jpg 200w, http:\/\/fantastisch-bloggen.de\/wp-content\/uploads\/2019\/11\/Saskia-Tavendel-768x1151.jpg 768w, http:\/\/fantastisch-bloggen.de\/wp-content\/uploads\/2019\/11\/Saskia-Tavendel.jpg 963w\" sizes=\"auto, (max-width: 303px) 100vw, 303px\" \/><figcaption>Gezeichnet von Hannah Menschel<\/figcaption><\/figure>\n\n\n\n<p>Einst\nwar sie jung, unvorsichtig und sehr neugierig. Damals fand sie\ngemeinsam mit ihren Hexenschwestern einen sehr besonderen Ort und\nbeging einen gro\u00dfen Fehler. Dies ist nun schon gut 60 Jahre her. Sie\nlernte viel dazu in der Zwischenzeit, doch ihren Fehler konnten die\ndrei Hexen nie wieder r\u00fcckg\u00e4ngig machen.<\/p>\n\n\n\n<p>Als Hexe der Fantasie ist ihre Tiergestalt die einer Katze und ihre Pflanze ist die Rose. Sie hat auch nie eine andere Tiergestalt hinzugenommen. Schon fr\u00fch streifte sie h\u00e4ufig in Katzengestalt durch den Wald, in dem sie mit ihren Freundinnen ein Haus erbaut hat, gleich neben dem alten Brunnen, der schon lange kein Wasser mehr f\u00fchrt.  <\/p>\n\n\n\n<p>Dann\nkam es zur Katastrophe und die junge Hexe blieb \u00fcber Tage und N\u00e4chte\nin Katzengestalt um besser im Wald acht geben zu k\u00f6nnen, als leise\nund unscheinbare Beobachterin.<\/p>\n\n\n\n<p>Sie\nliebt diese Gestalt und irgendwann blieb sie in der Gestalt der\nKatze. Seit gut 40 Jahren lebt Saskia als Katze, schleicht meist\nNachts umher und verbirgt sich gekonnt unter den anderen Katzen im\nHaus.<\/p>\n\n\n\n<p>Sie\nbekommt Nahrung und Wasser, hat einen warmen und trockenen\nSchlafplatz und lebt ein ruhiges Leben auf der Wacht vor der Gefahr.<\/p>\n\n\n\n<p>Die anderen Katzen behandeln sie mit Achtung und Respekt, die Menschen sehen sie als niedliche und zutrauliche Katze, nur ihre alten Freundinnen kennen ihr Geheimnis, und manchmal verwandelt sich Saskia in eine alte Frau um mit ihren alten Freundinnen beisammen zu sitzen, Tee zu trinken und zu reden.<\/p>\n\n\n\n<p><a href=\"http:\/\/fantastisch-bloggen.de\/wp-content\/uploads\/2019\/11\/Saskia-Tavendel-1.pdf\">Saskia Tavendel<\/a><\/p>\n\n\n\n<p><a href=\"https:\/\/menschel-giese.de\/12Kraefte\/Uebernatuerlich\/Hexen%20Idee.pdf\">Hexen der Idee<\/a><\/p>\n\n\n\n<p><a href=\"https:\/\/menschel-giese.de\/12Kraefte\/Uebernatuerlich\/Hexen%20Materie.pdf\">Hexen der Materie (Elementar)<\/a><\/p>\n\n\n\n<p><a href=\"https:\/\/menschel-giese.de\/12Kraefte\/Uebernatuerlich\/Hexen%20Kern.pdf\">Hexen des Steins (Suche nach dem Verborgenen<\/a>)<\/p>\n\n\n<p><!--EndFragment--><\/p>","protected":false},"excerpt":{"rendered":"<p>Die Bescherung: Was noch fehlt sind die letzten 6 NSC, die Delegation aus einer anderen Welt. Der 1. Delegierte Der 2. Delegierte Der 3. Delegierte Der 4.Delegierte Der 5. Delegierte Der 6. Delegierte Der 24. Dezember Hier nun das Abenteuer &#8222;Das letzte Weihnachtsfest&#8222; Die seit dem 17. Dezember hier eingestellten Charaktere sind m\u00f6gliche Spielercharakter. Alles &hellip; <\/p>\n<p class=\"link-more\"><a href=\"http:\/\/fantastisch-bloggen.de\/?page_id=144\" class=\"more-link\"><span class=\"screen-reader-text\">\u201eAdventkalender 2019\u201c<\/span> weiterlesen<\/a><\/p>\n","protected":false},"author":1,"featured_media":0,"parent":0,"menu_order":0,"comment_status":"closed","ping_status":"closed","template":"","meta":{"footnotes":""},"class_list":["post-144","page","type-page","status-publish","hentry"],"_links":{"self":[{"href":"http:\/\/fantastisch-bloggen.de\/index.php?rest_route=\/wp\/v2\/pages\/144","targetHints":{"allow":["GET"]}}],"collection":[{"href":"http:\/\/fantastisch-bloggen.de\/index.php?rest_route=\/wp\/v2\/pages"}],"about":[{"href":"http:\/\/fantastisch-bloggen.de\/index.php?rest_route=\/wp\/v2\/types\/page"}],"author":[{"embeddable":true,"href":"http:\/\/fantastisch-bloggen.de\/index.php?rest_route=\/wp\/v2\/users\/1"}],"replies":[{"embeddable":true,"href":"http:\/\/fantastisch-bloggen.de\/index.php?rest_route=%2Fwp%2Fv2%2Fcomments&post=144"}],"version-history":[{"count":34,"href":"http:\/\/fantastisch-bloggen.de\/index.php?rest_route=\/wp\/v2\/pages\/144\/revisions"}],"predecessor-version":[{"id":283,"href":"http:\/\/fantastisch-bloggen.de\/index.php?rest_route=\/wp\/v2\/pages\/144\/revisions\/283"}],"wp:attachment":[{"href":"http:\/\/fantastisch-bloggen.de\/index.php?rest_route=%2Fwp%2Fv2%2Fmedia&parent=144"}],"curies":[{"name":"wp","href":"https:\/\/api.w.org\/{rel}","templated":true}]}}